{"id":5707,"date":"2015-02-19T09:48:19","date_gmt":"2015-02-19T09:48:19","guid":{"rendered":"http:\/\/demo2.wpresidence.net\/?page_id=5707"},"modified":"2026-02-13T10:54:10","modified_gmt":"2026-02-13T10:54:10","slug":"contacto","status":"publish","type":"page","link":"https:\/\/www.comunasartemio.com\/nuevaweb\/contacto\/","title":{"rendered":"Contacta con nosotros"},"content":{"rendered":"<div class=\"wpb-content-wrapper\"><p>[vc_row fadeout_row=&#8221;fadeout_row_value&#8221;][vc_column width=&#8221;2\/3&#8243;][vc_column_text]<\/p>\n<h1>Contacta con nosotros<\/h1>\n<p>Quieres obtener informaci\u00f3n adicional sobre alguna de nuestras promociones? \u00bfTienes alguna duda sobre nuestros inmuebles? \u00bfNecesitas contactar con alguna Delegaci\u00f3n Comercial?&#8230;<\/p>\n<p>Para ponerte en contacto con nosotros, puedes utilizar nuestro directorio de contactos o si lo prefieres, rellena el formulario de contacto con la consulta que desea realizar.[\/vc_column_text][vc_gmaps link=&#8221;#E-8_JTNDaWZyYW1lJTIwc3JjJTNEJTIyaHR0cHMlM0ElMkYlMkZ3d3cuZ29vZ2xlLmNvbSUyRm1hcHMlMkZlbWJlZCUzRnBiJTNEJTIxMW0xNCUyMTFtOCUyMTFtMyUyMTFkNTk0MC4zOTc3MzIwMDk2NiUyMTJkLTEuODQ5OTM0MjIzODM5NDE4JTIxM2QzOC45NzY0OTkzMjI5ODQzJTIxM20yJTIxMWkxMDI0JTIxMmk3NjglMjE0ZjEzLjElMjEzbTMlMjExbTIlMjExczB4MCUyNTNBMHgxZTk5OWE1ODBmOGYyNjMxJTIxMnNDb211JTI1QzMlMjVCMWFzJTJCWSUyQkFydGVtaW8lMjE1ZTAlMjEzbTIlMjExc2VzJTIxMnNlcyUyMTR2MTUxMTk3MDQ1Nzk1NCUyMiUyMHdpZHRoJTNEJTIyNjAwJTIyJTIwaGVpZ2h0JTNEJTIyNDUwJTIyJTIwZnJhbWVib3JkZXIlM0QlMjIwJTIyJTIwc3R5bGUlM0QlMjJib3JkZXIlM0EwJTIyJTIwYWxsb3dmdWxsc2NyZWVuJTNFJTNDJTJGaWZyYW1lJTNF&#8221;][\/vc_column][vc_column width=&#8221;1\/3&#8243;]<div class=\"spacer\" style=\"height:30px;\"><\/div>[vc_column_text css=&#8221;&#8221;]<\/p>\n<h2>Formulario de contacto<\/h2>\n<div class=\"wpcf7 no-js\" id=\"wpcf7-f18251-o1\" lang=\"es-ES\" dir=\"ltr\" data-wpcf7-id=\"18251\">\n<div class=\"screen-reader-response\"><p role=\"status\" aria-live=\"polite\" aria-atomic=\"true\"><\/p> <ul><\/ul><\/div>\n<form action=\"\/nuevaweb\/wp-json\/wp\/v2\/pages\/5707#wpcf7-f18251-o1\" method=\"post\" class=\"wpcf7-form init\" aria-label=\"Formulario de contacto\" novalidate=\"novalidate\" data-status=\"init\">\n<fieldset class=\"hidden-fields-container\"><input type=\"hidden\" name=\"_wpcf7\" value=\"18251\" \/><input type=\"hidden\" name=\"_wpcf7_version\" value=\"6.1.4\" \/><input type=\"hidden\" name=\"_wpcf7_locale\" value=\"es_ES\" \/><input type=\"hidden\" name=\"_wpcf7_unit_tag\" value=\"wpcf7-f18251-o1\" \/><input type=\"hidden\" name=\"_wpcf7_container_post\" value=\"0\" \/><input type=\"hidden\" name=\"_wpcf7_posted_data_hash\" value=\"\" \/><input type=\"hidden\" name=\"_wpcf7_recaptcha_response\" value=\"\" \/>\n<\/fieldset>\n<p><label> Nombre (requerido)<br \/>\n<span class=\"wpcf7-form-control-wrap\" data-name=\"your-name\"><input size=\"40\" maxlength=\"400\" class=\"wpcf7-form-control wpcf7-text wpcf7-validates-as-required\" aria-required=\"true\" aria-invalid=\"false\" value=\"\" type=\"text\" name=\"your-name\" \/><\/span> <\/label>\n<\/p>\n<p><label> Tel\u00e9fono (requerido)<br \/>\n<span class=\"wpcf7-form-control-wrap\" data-name=\"telefono\"><input size=\"40\" maxlength=\"400\" class=\"wpcf7-form-control wpcf7-tel wpcf7-text wpcf7-validates-as-tel\" aria-invalid=\"false\" value=\"\" type=\"tel\" name=\"telefono\" \/><\/span> <\/label>\n<\/p>\n<p><label> Tu correo electr\u00f3nico (requerido)<br \/>\n<span class=\"wpcf7-form-control-wrap\" data-name=\"your-email\"><input size=\"40\" maxlength=\"400\" class=\"wpcf7-form-control wpcf7-email wpcf7-validates-as-required wpcf7-text wpcf7-validates-as-email\" aria-required=\"true\" aria-invalid=\"false\" value=\"\" type=\"email\" name=\"your-email\" \/><\/span> <\/label>\n<\/p>\n<p><label> Asunto<br \/>\n<span class=\"wpcf7-form-control-wrap\" data-name=\"your-subject\"><input size=\"40\" maxlength=\"400\" class=\"wpcf7-form-control wpcf7-text\" aria-invalid=\"false\" value=\"\" type=\"text\" name=\"your-subject\" \/><\/span> <\/label>\n<\/p>\n<p><label> Mensaje<br \/>\n<span class=\"wpcf7-form-control-wrap\" data-name=\"your-message\"><textarea cols=\"40\" rows=\"10\" maxlength=\"2000\" class=\"wpcf7-form-control wpcf7-textarea\" aria-invalid=\"false\" name=\"your-message\"><\/textarea><\/span> <\/label>\n<\/p>\n<span class=\"wpcf7-form-control-wrap recaptcha\" data-name=\"recaptcha\"><span data-sitekey=\"6Lf8E78UAAAAAPCMOiUMDQiBQ94Qk_ouVw8XaV_0\" class=\"wpcf7-form-control wpcf7-recaptcha g-recaptcha\"><\/span>\r\n<noscript>\r\n\t<div class=\"grecaptcha-noscript\">\r\n\t\t<iframe src=\"https:\/\/www.google.com\/recaptcha\/api\/fallback?k=6Lf8E78UAAAAAPCMOiUMDQiBQ94Qk_ouVw8XaV_0\" frameborder=\"0\" scrolling=\"no\" width=\"310\" height=\"430\">\r\n\t\t<\/iframe>\r\n\t\t<textarea name=\"g-recaptcha-response\" rows=\"3\" cols=\"40\" placeholder=\"Aqu\u00ed la respuesta de reCAPTCHA\">\r\n\t\t<\/textarea>\r\n\t<\/div>\r\n<\/noscript>\r\n<\/span>\n<p><input class=\"wpcf7-form-control wpcf7-submit has-spinner\" type=\"submit\" value=\"Enviar\" \/>\n<\/p><div class=\"wpcf7-response-output\" aria-hidden=\"true\"><\/div>\n<\/form>\n<\/div>\n[\/vc_column_text][\/vc_column][\/vc_row][vc_row][vc_column][vc_separator]<div class=\"wpresidence_shortcode_listings_wrapper bottom-estate_agent nobutton row\">\n<div class=\"wpresidence_agent_unit_wrapper agent_card_3 col-lg-4 col-12 col-sm-6 col-md-6  listing_wrapper  \">         \n    <div class=\"agent_unit agent_unit_featured\" data-link=\"https:\/\/www.comunasartemio.com\/nuevaweb\/agente\/albain\/\">\n        <div class=\"agent-unit-img-wrapper\">\n            <div class=\"prop_new_details_back\"><\/div>\n            <img fetchpriority=\"high\" decoding=\"async\" width=\"268\" height=\"268\" src=\"https:\/\/www.comunasartemio.com\/nuevaweb\/wp-content\/uploads\/2017\/11\/albain.jpg\" class=\"lazyload img-responsive wp-post-image\" alt=\"\" srcset=\"https:\/\/www.comunasartemio.com\/nuevaweb\/wp-content\/uploads\/2017\/11\/albain.jpg 268w, https:\/\/www.comunasartemio.com\/nuevaweb\/wp-content\/uploads\/2017\/11\/albain-150x150.jpg 150w, https:\/\/www.comunasartemio.com\/nuevaweb\/wp-content\/uploads\/2017\/11\/albain-120x120.jpg 120w, https:\/\/www.comunasartemio.com\/nuevaweb\/wp-content\/uploads\/2017\/11\/albain-45x45.jpg 45w, https:\/\/www.comunasartemio.com\/nuevaweb\/wp-content\/uploads\/2017\/11\/albain-36x36.jpg 36w\" sizes=\"(max-width: 268px) 100vw, 268px\" \/>        <\/div>    \n\n        <div class=\"agent_unit_featured_details\">\n            <h4><a href=\"https:\/\/www.comunasartemio.com\/nuevaweb\/agente\/albain\/\">Albain<\/a><\/h4><div class=\"agent_position\">Contacto Comercial<\/div><div class=\"agent_featured_details\">\n            <div class=\"featured_agent_notes\">\n                Fundada en 1987. Desde entonces ha realizado m\u00faltiples promociones inmobiliarias, principalmente en Albacete capital. En <a href=\"https:\/\/www.comunasartemio.com\/nuevaweb\/agente\/albain\/\" class=\"unit_more_x\">...<\/a>            <\/div>\n\n            <div class=\"agent_detail\"><i class=\"fas fa-phone\"><\/i>967 19 25 85<\/div><div class=\"agent_detail\"><i class=\"fas fa-mobile-alt\"><\/i>660487156<\/div><div class=\"agent_detail\"><i class=\"far fa-envelope\"><\/i>iren&#101;&#64;&#99;&#111;&#109;&#117;&#110;asart&#101;&#109;&#105;o.&#99;&#111;m<\/div><\/div><div class=\"agent_unit_social\"><div class=\"social-wrapper featured_agent_social\"><\/div><\/div>            \n         \n            \n            <a class=\"see_my_list_featured\" href=\"https:\/\/www.comunasartemio.com\/nuevaweb\/agente\/albain\/\" target=\"_blank\"><span class=\"featured_agent_listings wpresidence_button\">M\u00e1s Informaci\u00f3n<\/span><\/a>        <\/div> \n    <\/div>\n<\/div>\n<div class=\"wpresidence_agent_unit_wrapper agent_card_3 col-lg-4 col-12 col-sm-6 col-md-6  listing_wrapper  \">         \n    <div class=\"agent_unit agent_unit_featured\" data-link=\"https:\/\/www.comunasartemio.com\/nuevaweb\/agente\/sede-hellin\/\">\n        <div class=\"agent-unit-img-wrapper\">\n            <div class=\"prop_new_details_back\"><\/div>\n            <img decoding=\"async\" width=\"268\" height=\"263\" src=\"https:\/\/www.comunasartemio.com\/nuevaweb\/wp-content\/uploads\/2014\/05\/empresa-comu\u00f1as-y-artemio.jpg\" class=\"lazyload img-responsive wp-post-image\" alt=\"Promocion de obra nueva en Albacete gracias a comu\u00f1as artemio\" srcset=\"https:\/\/www.comunasartemio.com\/nuevaweb\/wp-content\/uploads\/2014\/05\/empresa-comu\u00f1as-y-artemio.jpg 268w, https:\/\/www.comunasartemio.com\/nuevaweb\/wp-content\/uploads\/2014\/05\/empresa-comu\u00f1as-y-artemio-45x45.jpg 45w, https:\/\/www.comunasartemio.com\/nuevaweb\/wp-content\/uploads\/2014\/05\/empresa-comu\u00f1as-y-artemio-36x36.jpg 36w\" sizes=\"(max-width: 268px) 100vw, 268px\" \/>        <\/div>    \n\n        <div class=\"agent_unit_featured_details\">\n            <h4><a href=\"https:\/\/www.comunasartemio.com\/nuevaweb\/agente\/sede-hellin\/\">Sede Hell\u00edn<\/a><\/h4><div class=\"agent_position\">Contacto Comercial<\/div><div class=\"agent_featured_details\">\n            <div class=\"featured_agent_notes\">\n                Desde su constituci\u00f3n Comu\u00f1as y Artemio, S.L. ha construido m\u00e1s de 4.000 viviendas, numerosos colegios, pabellones polid <a href=\"https:\/\/www.comunasartemio.com\/nuevaweb\/agente\/sede-hellin\/\" class=\"unit_more_x\">...<\/a>            <\/div>\n\n            <div class=\"agent_detail\"><i class=\"fas fa-phone\"><\/i>660487156<\/div><div class=\"agent_detail\"><i class=\"far fa-envelope\"><\/i>&#105;&#114;&#101;&#110;&#101;&#64;&#99;o&#109;&#117;nasa&#114;te&#109;&#105;&#111;.co&#109;<\/div><\/div><div class=\"agent_unit_social\"><div class=\"social-wrapper featured_agent_social\"><\/div><\/div>            \n         \n            \n            <a class=\"see_my_list_featured\" href=\"https:\/\/www.comunasartemio.com\/nuevaweb\/agente\/sede-hellin\/\" target=\"_blank\"><span class=\"featured_agent_listings wpresidence_button\">M\u00e1s Informaci\u00f3n<\/span><\/a>        <\/div> \n    <\/div>\n<\/div>\n<div class=\"wpresidence_agent_unit_wrapper agent_card_3 col-lg-4 col-12 col-sm-6 col-md-6  listing_wrapper  \">         \n    <div class=\"agent_unit agent_unit_featured\" data-link=\"https:\/\/www.comunasartemio.com\/nuevaweb\/agente\/sede-albacete\/\">\n        <div class=\"agent-unit-img-wrapper\">\n            <div class=\"prop_new_details_back\"><\/div>\n            <img decoding=\"async\" width=\"268\" height=\"263\" src=\"https:\/\/www.comunasartemio.com\/nuevaweb\/wp-content\/uploads\/2014\/05\/empresa-comu\u00f1as-y-artemio.jpg\" class=\"lazyload img-responsive wp-post-image\" alt=\"Promocion de obra nueva en Albacete gracias a comu\u00f1as artemio\" srcset=\"https:\/\/www.comunasartemio.com\/nuevaweb\/wp-content\/uploads\/2014\/05\/empresa-comu\u00f1as-y-artemio.jpg 268w, https:\/\/www.comunasartemio.com\/nuevaweb\/wp-content\/uploads\/2014\/05\/empresa-comu\u00f1as-y-artemio-45x45.jpg 45w, https:\/\/www.comunasartemio.com\/nuevaweb\/wp-content\/uploads\/2014\/05\/empresa-comu\u00f1as-y-artemio-36x36.jpg 36w\" sizes=\"(max-width: 268px) 100vw, 268px\" \/>        <\/div>    \n\n        <div class=\"agent_unit_featured_details\">\n            <h4><a href=\"https:\/\/www.comunasartemio.com\/nuevaweb\/agente\/sede-albacete\/\">Sede Albacete<\/a><\/h4><div class=\"agent_position\">Contacto Comercial<\/div><div class=\"agent_featured_details\">\n            <div class=\"featured_agent_notes\">\n                Desde su constituci\u00f3n Comu\u00f1as y Artemio, S.L. ha construido m\u00e1s de 4.000 viviendas, numerosos colegios, pabellones polid <a href=\"https:\/\/www.comunasartemio.com\/nuevaweb\/agente\/sede-albacete\/\" class=\"unit_more_x\">...<\/a>            <\/div>\n\n            <div class=\"agent_detail\"><i class=\"fas fa-phone\"><\/i>967 19 25 85<\/div><div class=\"agent_detail\"><i class=\"fas fa-mobile-alt\"><\/i>660487156<\/div><div class=\"agent_detail\"><i class=\"far fa-envelope\"><\/i>ir&#101;ne&#64;c&#111;&#109;un&#97;sar&#116;&#101;m&#105;o&#46;com<\/div><\/div><div class=\"agent_unit_social\"><div class=\"social-wrapper featured_agent_social\"><\/div><\/div>            \n         \n            \n            <a class=\"see_my_list_featured\" href=\"https:\/\/www.comunasartemio.com\/nuevaweb\/agente\/sede-albacete\/\" target=\"_blank\"><span class=\"featured_agent_listings wpresidence_button\">M\u00e1s Informaci\u00f3n<\/span><\/a>        <\/div> \n    <\/div>\n<\/div><\/div>[\/vc_column][\/vc_row][vc_row][vc_column][vc_column_text]<!--402a8--><!--402a8-->[\/vc_column_text][\/vc_column][\/vc_row]<\/p>\n<\/div>","protected":false},"excerpt":{"rendered":"<p>[vc_row fadeout_row=&#8221;fadeout_row_value&#8221;][vc_column width=&#8221;2\/3&#8243;][vc_column_text] Contacta con nosotros Quieres obtener informaci\u00f3n adicional sobre alguna de nuestras promociones? \u00bfTienes alguna duda sobre nuestros inmuebles? \u00bfNecesitas contactar con alguna Delegaci\u00f3n Comercial?&#8230; Para ponerte en contacto con nosotros, puedes utilizar nuestro directorio de contactos o si lo prefieres, rellena el formulario de contacto con la consulta que desea realizar.[\/vc_column_text][vc_gmaps link=&#8221;#E-8_JTNDaWZyYW1lJTIwc3JjJTNEJTIyaHR0cHMlM0ElMkYlMkZ3d3cuZ29vZ2xlLmNvbSUyRm1hcHMlMkZlbWJlZCUzRnBiJTNEJTIxMW0xNCUyMTFtOCUyMTFtMyUyMTFkNTk0MC4zOTc3MzIwMDk2NiUyMTJkLTEuODQ5OTM0MjIzODM5NDE4JTIxM2QzOC45NzY0OTkzMjI5ODQzJTIxM20yJTIxMWkxMDI0JTIxMmk3NjglMjE0ZjEzLjElMjEzbTMlMjExbTIlMjExczB4MCUyNTNBMHgxZTk5OWE1ODBmOGYyNjMxJTIxMnNDb211JTI1QzMlMjVCMWFzJTJCWSUyQkFydGVtaW8lMjE1ZTAlMjEzbTIlMjExc2VzJTIxMnNlcyUyMTR2MTUxMTk3MDQ1Nzk1NCUyMiUyMHdpZHRoJTNEJTIyNjAwJTIyJTIwaGVpZ2h0JTNEJTIyNDUwJTIyJTIwZnJhbWVib3JkZXIlM0QlMjIwJTIyJTIwc3R5bGUlM0QlMjJib3JkZXIlM0EwJTIyJTIwYWxsb3dmdWxsc2NyZWVuJTNFJTNDJTJGaWZyYW1lJTNF&#8221;][\/vc_column][vc_column width=&#8221;1\/3&#8243;][vc_column_text css=&#8221;&#8221;] Formulario de contacto [\/vc_column_text][\/vc_column][\/vc_row][vc_row][vc_column][vc_separator][\/vc_column][\/vc_row][vc_row][vc_column][vc_column_text][\/vc_column_text][\/vc_column][\/vc_row]<\/p>\n","protected":false},"author":1,"featured_media":0,"parent":0,"menu_order":0,"comment_status":"closed","ping_status":"closed","template":"","meta":{"inline_featured_image":false,"footnotes":""},"class_list":["post-5707","page","type-page","status-publish","hentry"],"aioseo_notices":[],"_links":{"self":[{"href":"https:\/\/www.comunasartemio.com\/nuevaweb\/wp-json\/wp\/v2\/pages\/5707","targetHints":{"allow":["GET"]}}],"collection":[{"href":"https:\/\/www.comunasartemio.com\/nuevaweb\/wp-json\/wp\/v2\/pages"}],"about":[{"href":"https:\/\/www.comunasartemio.com\/nuevaweb\/wp-json\/wp\/v2\/types\/page"}],"author":[{"embeddable":true,"href":"https:\/\/www.comunasartemio.com\/nuevaweb\/wp-json\/wp\/v2\/users\/1"}],"replies":[{"embeddable":true,"href":"https:\/\/www.comunasartemio.com\/nuevaweb\/wp-json\/wp\/v2\/comments?post=5707"}],"version-history":[{"count":28,"href":"https:\/\/www.comunasartemio.com\/nuevaweb\/wp-json\/wp\/v2\/pages\/5707\/revisions"}],"predecessor-version":[{"id":24775,"href":"https:\/\/www.comunasartemio.com\/nuevaweb\/wp-json\/wp\/v2\/pages\/5707\/revisions\/24775"}],"wp:attachment":[{"href":"https:\/\/www.comunasartemio.com\/nuevaweb\/wp-json\/wp\/v2\/media?parent=5707"}],"curies":[{"name":"wp","href":"https:\/\/api.w.org\/{rel}","templated":true}]}}